{"id":2249,"date":"2023-05-04T10:48:17","date_gmt":"2023-05-04T09:48:17","guid":{"rendered":"https:\/\/www.mymoodsy.com\/en\/?post_type=product&#038;p=2249"},"modified":"2024-02-06T08:41:13","modified_gmt":"2024-02-06T07:41:13","slug":"scrubs-cozy-peach","status":"publish","type":"product","link":"https:\/\/www.mymoodsy.com\/en\/product\/scrubs-cozy-peach\/","title":{"rendered":"Scrubs Cozy Peach"},"content":{"rendered":"<p>The durable and stretchy fabric from which we sewed the COZY model will ensure that nothing will restrict your freedom of movement. We have thought through this set in every detail so that you can completely focus on your work while feeling comfortable and sporty at the same time. Scrubs COZY has a total of six pockets.<\/p>\n","protected":false},"excerpt":{"rendered":"<p>The durable and stretchy fabric from which we sewed the COZY model will ensure that nothing will restrict your freedom of movement. We have thought through this set in every detail so that you can completely focus on your work while feeling comfortable and sporty at the same time. Scrubs COZY has a total of [&hellip;]<\/p>\n","protected":false},"featured_media":3532,"template":"","meta":{"_acf_changed":false},"product_brand":[],"product_cat":[119,52,30],"product_tag":[],"class_list":{"0":"post-2249","1":"product","2":"type-product","3":"status-publish","4":"has-post-thumbnail","6":"product_cat-sale","7":"product_cat-women","8":"product_cat-tops-women","9":"pa_kolor-comfy-peach","10":"pa_rozmiar-xxs","11":"pa_rozmiar-xs","12":"pa_rozmiar-s","13":"pa_rozmiar-m","14":"pa_rozmiar-l","15":"pa_rozmiar-xl","16":"pa_rozmiar-xxl","18":"first","19":"instock","20":"taxable","21":"shipping-taxable","22":"purchasable","23":"product-type-variable","24":"has-default-attributes","25":"rtwpvg-product"},"acf":[],"yoast_head":"<!-- This site is optimized with the Yoast SEO plugin v25.6 - https:\/\/yoast.com\/wordpress\/plugins\/seo\/ -->\n<title>Scrubs Cozy Peach - My Moodsy<\/title>\n<meta name=\"description\" content=\"Postaw na sportowy kr\u00f3j, niezr\u00f3wnan\u0105 wygod\u0119 i \u015bwietne dopasowanie do Twoich potrzeb. Komplet COMFY posiada siedem wzmocnionych kieszeni.\" \/>\n<meta name=\"robots\" content=\"index, follow, max-snippet:-1, max-image-preview:large, max-video-preview:-1\" \/>\n<link rel=\"canonical\" href=\"https:\/\/www.mymoodsy.com\/en\/product\/scrubs-cozy-peach\/\" \/>\n<meta property=\"og:locale\" content=\"en_US\" \/>\n<meta property=\"og:type\" content=\"article\" \/>\n<meta property=\"og:title\" content=\"Scrubs Cozy Peach - My Moodsy\" \/>\n<meta property=\"og:description\" content=\"Postaw na sportowy kr\u00f3j, niezr\u00f3wnan\u0105 wygod\u0119 i \u015bwietne dopasowanie do Twoich potrzeb. Komplet COMFY posiada siedem wzmocnionych kieszeni.\" \/>\n<meta property=\"og:url\" content=\"https:\/\/www.mymoodsy.com\/en\/product\/scrubs-cozy-peach\/\" \/>\n<meta property=\"og:site_name\" content=\"My Moodsy\" \/>\n<meta property=\"article:modified_time\" content=\"2024-02-06T07:41:13+00:00\" \/>\n<meta property=\"og:image\" content=\"https:\/\/www.mymoodsy.com\/en\/wp-content\/uploads\/2023\/05\/bluza-damska-medyczna-cozy-peach-1.jpg\" \/>\n\t<meta property=\"og:image:width\" content=\"729\" \/>\n\t<meta property=\"og:image:height\" content=\"1000\" \/>\n\t<meta property=\"og:image:type\" content=\"image\/jpeg\" \/>\n<meta name=\"twitter:card\" content=\"summary_large_image\" \/>\n<meta name=\"twitter:label1\" content=\"Est. reading time\" \/>\n\t<meta name=\"twitter:data1\" content=\"1 minute\" \/>\n<script type=\"application\/ld+json\" class=\"yoast-schema-graph\">{\"@context\":\"https:\/\/schema.org\",\"@graph\":[{\"@type\":\"WebPage\",\"@id\":\"https:\/\/www.mymoodsy.com\/en\/product\/scrubs-cozy-peach\/\",\"url\":\"https:\/\/www.mymoodsy.com\/en\/product\/scrubs-cozy-peach\/\",\"name\":\"Scrubs Cozy Peach - My Moodsy\",\"isPartOf\":{\"@id\":\"https:\/\/www.mymoodsy.com\/en\/#website\"},\"primaryImageOfPage\":{\"@id\":\"https:\/\/www.mymoodsy.com\/en\/product\/scrubs-cozy-peach\/#primaryimage\"},\"image\":{\"@id\":\"https:\/\/www.mymoodsy.com\/en\/product\/scrubs-cozy-peach\/#primaryimage\"},\"thumbnailUrl\":\"https:\/\/www.mymoodsy.com\/en\/wp-content\/uploads\/2023\/05\/bluza-damska-medyczna-cozy-peach-1.jpg\",\"datePublished\":\"2023-05-04T09:48:17+00:00\",\"dateModified\":\"2024-02-06T07:41:13+00:00\",\"description\":\"Postaw na sportowy kr\u00f3j, niezr\u00f3wnan\u0105 wygod\u0119 i \u015bwietne dopasowanie do Twoich potrzeb. Komplet COMFY posiada siedem wzmocnionych kieszeni.\",\"breadcrumb\":{\"@id\":\"https:\/\/www.mymoodsy.com\/en\/product\/scrubs-cozy-peach\/#breadcrumb\"},\"inLanguage\":\"en\",\"potentialAction\":[{\"@type\":\"ReadAction\",\"target\":[\"https:\/\/www.mymoodsy.com\/en\/product\/scrubs-cozy-peach\/\"]}]},{\"@type\":\"ImageObject\",\"inLanguage\":\"en\",\"@id\":\"https:\/\/www.mymoodsy.com\/en\/product\/scrubs-cozy-peach\/#primaryimage\",\"url\":\"https:\/\/www.mymoodsy.com\/en\/wp-content\/uploads\/2023\/05\/bluza-damska-medyczna-cozy-peach-1.jpg\",\"contentUrl\":\"https:\/\/www.mymoodsy.com\/en\/wp-content\/uploads\/2023\/05\/bluza-damska-medyczna-cozy-peach-1.jpg\",\"width\":729,\"height\":1000,\"caption\":\"Bluza damska medyczna cozy peach\"},{\"@type\":\"BreadcrumbList\",\"@id\":\"https:\/\/www.mymoodsy.com\/en\/product\/scrubs-cozy-peach\/#breadcrumb\",\"itemListElement\":[{\"@type\":\"ListItem\",\"position\":1,\"name\":\"Homepage\",\"item\":\"https:\/\/www.mymoodsy.com\/en\/\"},{\"@type\":\"ListItem\",\"position\":2,\"name\":\"Shop\",\"item\":\"https:\/\/www.mymoodsy.com\/en\/shop\/\"},{\"@type\":\"ListItem\",\"position\":3,\"name\":\"Women\",\"item\":\"https:\/\/www.mymoodsy.com\/en\/product-category\/women\/\"},{\"@type\":\"ListItem\",\"position\":4,\"name\":\"Tops\",\"item\":\"https:\/\/www.mymoodsy.com\/en\/product-category\/women\/tops-women\/\"},{\"@type\":\"ListItem\",\"position\":5,\"name\":\"Scrubs Cozy Peach\"}]},{\"@type\":\"WebSite\",\"@id\":\"https:\/\/www.mymoodsy.com\/en\/#website\",\"url\":\"https:\/\/www.mymoodsy.com\/en\/\",\"name\":\"My Moodsy\",\"description\":\"Discover unique medical clothing.\",\"potentialAction\":[{\"@type\":\"SearchAction\",\"target\":{\"@type\":\"EntryPoint\",\"urlTemplate\":\"https:\/\/www.mymoodsy.com\/en\/?s={search_term_string}\"},\"query-input\":{\"@type\":\"PropertyValueSpecification\",\"valueRequired\":true,\"valueName\":\"search_term_string\"}}],\"inLanguage\":\"en\"}]}<\/script>\n<!-- \/ Yoast SEO plugin. -->","yoast_head_json":{"title":"Scrubs Cozy Peach - My Moodsy","description":"Postaw na sportowy kr\u00f3j, niezr\u00f3wnan\u0105 wygod\u0119 i \u015bwietne dopasowanie do Twoich potrzeb. Komplet COMFY posiada siedem wzmocnionych kieszeni.","robots":{"index":"index","follow":"follow","max-snippet":"max-snippet:-1","max-image-preview":"max-image-preview:large","max-video-preview":"max-video-preview:-1"},"canonical":"https:\/\/www.mymoodsy.com\/en\/product\/scrubs-cozy-peach\/","og_locale":"en_US","og_type":"article","og_title":"Scrubs Cozy Peach - My Moodsy","og_description":"Postaw na sportowy kr\u00f3j, niezr\u00f3wnan\u0105 wygod\u0119 i \u015bwietne dopasowanie do Twoich potrzeb. Komplet COMFY posiada siedem wzmocnionych kieszeni.","og_url":"https:\/\/www.mymoodsy.com\/en\/product\/scrubs-cozy-peach\/","og_site_name":"My Moodsy","article_modified_time":"2024-02-06T07:41:13+00:00","og_image":[{"width":729,"height":1000,"url":"https:\/\/www.mymoodsy.com\/en\/wp-content\/uploads\/2023\/05\/bluza-damska-medyczna-cozy-peach-1.jpg","type":"image\/jpeg"}],"twitter_card":"summary_large_image","twitter_misc":{"Est. reading time":"1 minute"},"schema":{"@context":"https:\/\/schema.org","@graph":[{"@type":"WebPage","@id":"https:\/\/www.mymoodsy.com\/en\/product\/scrubs-cozy-peach\/","url":"https:\/\/www.mymoodsy.com\/en\/product\/scrubs-cozy-peach\/","name":"Scrubs Cozy Peach - My Moodsy","isPartOf":{"@id":"https:\/\/www.mymoodsy.com\/en\/#website"},"primaryImageOfPage":{"@id":"https:\/\/www.mymoodsy.com\/en\/product\/scrubs-cozy-peach\/#primaryimage"},"image":{"@id":"https:\/\/www.mymoodsy.com\/en\/product\/scrubs-cozy-peach\/#primaryimage"},"thumbnailUrl":"https:\/\/www.mymoodsy.com\/en\/wp-content\/uploads\/2023\/05\/bluza-damska-medyczna-cozy-peach-1.jpg","datePublished":"2023-05-04T09:48:17+00:00","dateModified":"2024-02-06T07:41:13+00:00","description":"Postaw na sportowy kr\u00f3j, niezr\u00f3wnan\u0105 wygod\u0119 i \u015bwietne dopasowanie do Twoich potrzeb. Komplet COMFY posiada siedem wzmocnionych kieszeni.","breadcrumb":{"@id":"https:\/\/www.mymoodsy.com\/en\/product\/scrubs-cozy-peach\/#breadcrumb"},"inLanguage":"en","potentialAction":[{"@type":"ReadAction","target":["https:\/\/www.mymoodsy.com\/en\/product\/scrubs-cozy-peach\/"]}]},{"@type":"ImageObject","inLanguage":"en","@id":"https:\/\/www.mymoodsy.com\/en\/product\/scrubs-cozy-peach\/#primaryimage","url":"https:\/\/www.mymoodsy.com\/en\/wp-content\/uploads\/2023\/05\/bluza-damska-medyczna-cozy-peach-1.jpg","contentUrl":"https:\/\/www.mymoodsy.com\/en\/wp-content\/uploads\/2023\/05\/bluza-damska-medyczna-cozy-peach-1.jpg","width":729,"height":1000,"caption":"Bluza damska medyczna cozy peach"},{"@type":"BreadcrumbList","@id":"https:\/\/www.mymoodsy.com\/en\/product\/scrubs-cozy-peach\/#breadcrumb","itemListElement":[{"@type":"ListItem","position":1,"name":"Homepage","item":"https:\/\/www.mymoodsy.com\/en\/"},{"@type":"ListItem","position":2,"name":"Shop","item":"https:\/\/www.mymoodsy.com\/en\/shop\/"},{"@type":"ListItem","position":3,"name":"Women","item":"https:\/\/www.mymoodsy.com\/en\/product-category\/women\/"},{"@type":"ListItem","position":4,"name":"Tops","item":"https:\/\/www.mymoodsy.com\/en\/product-category\/women\/tops-women\/"},{"@type":"ListItem","position":5,"name":"Scrubs Cozy Peach"}]},{"@type":"WebSite","@id":"https:\/\/www.mymoodsy.com\/en\/#website","url":"https:\/\/www.mymoodsy.com\/en\/","name":"My Moodsy","description":"Discover unique medical clothing.","potentialAction":[{"@type":"SearchAction","target":{"@type":"EntryPoint","urlTemplate":"https:\/\/www.mymoodsy.com\/en\/?s={search_term_string}"},"query-input":{"@type":"PropertyValueSpecification","valueRequired":true,"valueName":"search_term_string"}}],"inLanguage":"en"}]}},"_links":{"self":[{"href":"https:\/\/www.mymoodsy.com\/en\/wp-json\/wp\/v2\/product\/2249"}],"collection":[{"href":"https:\/\/www.mymoodsy.com\/en\/wp-json\/wp\/v2\/product"}],"about":[{"href":"https:\/\/www.mymoodsy.com\/en\/wp-json\/wp\/v2\/types\/product"}],"wp:featuredmedia":[{"embeddable":true,"href":"https:\/\/www.mymoodsy.com\/en\/wp-json\/wp\/v2\/media\/3532"}],"wp:attachment":[{"href":"https:\/\/www.mymoodsy.com\/en\/wp-json\/wp\/v2\/media?parent=2249"}],"wp:term":[{"taxonomy":"product_brand","embeddable":true,"href":"https:\/\/www.mymoodsy.com\/en\/wp-json\/wp\/v2\/product_brand?post=2249"},{"taxonomy":"product_cat","embeddable":true,"href":"https:\/\/www.mymoodsy.com\/en\/wp-json\/wp\/v2\/product_cat?post=2249"},{"taxonomy":"product_tag","embeddable":true,"href":"https:\/\/www.mymoodsy.com\/en\/wp-json\/wp\/v2\/product_tag?post=2249"}],"curies":[{"name":"wp","href":"https:\/\/api.w.org\/{rel}","templated":true}]}}