{"id":635,"date":"2023-02-14T10:01:15","date_gmt":"2023-02-14T09:01:15","guid":{"rendered":"https:\/\/www.mymoodsy.com\/en\/?page_id=635"},"modified":"2024-02-13T10:45:30","modified_gmt":"2024-02-13T09:45:30","slug":"sklep-z-odzieza-medyczna-damska-i-meska-poznan-online-my-moodsy","status":"publish","type":"page","link":"https:\/\/www.mymoodsy.com\/en\/","title":{"rendered":"Homepage"},"content":{"rendered":"<h2 class=\"text-uppercase text-dark seo-text__title\">MEDICAL UNIFORMS AND APPAREL FOR WOMEN AND MEN &#8211; ONLINE STORE MYMOODSY<\/h2>\n<p class=\"mb-0\">The times of boring, character-devoid medical uniforms are long gone.\u00a0<\/p>\n<p class=\"mb-0\">Nowadays, the market is captured by medical garments in a full range of colours, tailored to match unique tastes and preferences. Our online store offers you just that!<\/p>\n<p class=\"mb-0\">The work attire available in our assortment not only prioritizes your comfort but also embraces individuality through distinctive colors and original designs to make sure you feel the most confident while performing your job. With this approach, we aim to enhance the image of healthcare professionals, which reflects on the well-being of patients, by fostering a sense of positivity.\u00a0<\/p>\n<p class=\"mb-0\">Our products are sewn from the highest-quality fabrics that ensure durability. Additional features, such as dedicated pockets for your accessories, enhance the practicality of our products.<\/p>\n<p class=\"mb-0\">We encourage you to familiarise yourself with our products and choose what suits you best!\u00a0<\/p>\n","protected":false},"excerpt":{"rendered":"<p>MEDICAL UNIFORMS AND APPAREL FOR WOMEN AND MEN &#8211; ONLINE STORE MYMOODSY The times of boring, character-devoid medical uniforms are long gone.\u00a0 Nowadays, the market is captured by medical garments in a full range of colours, tailored to match unique tastes and preferences. Our online store offers you just that! The work attire available in [&hellip;]<\/p>\n","protected":false},"author":3,"featured_media":0,"parent":0,"menu_order":0,"comment_status":"closed","ping_status":"closed","template":"","meta":{"_acf_changed":false,"footnotes":""},"class_list":["post-635","page","type-page","status-publish","hentry"],"acf":[],"yoast_head":"<!-- This site is optimized with the Yoast SEO plugin v25.6 - https:\/\/yoast.com\/wordpress\/plugins\/seo\/ -->\n<title>Homepage - My Moodsy<\/title>\n<meta name=\"description\" content=\"W ofercie sklepu znajdziesz odzie\u017c medyczn\u0105 damsk\u0105 i m\u0119sk\u0105, a w tym: wysokiej jako\u015bci bluzy oraz spodnie. Ju\u017c dzi\u015b zapraszamy do kontaktu i z\u0142o\u017cenia zam\u00f3wienia.\" \/>\n<meta name=\"robots\" content=\"index, follow, max-snippet:-1, max-image-preview:large, max-video-preview:-1\" \/>\n<link rel=\"canonical\" href=\"https:\/\/www.mymoodsy.com\/en\/\" \/>\n<meta property=\"og:locale\" content=\"en_US\" \/>\n<meta property=\"og:type\" content=\"article\" \/>\n<meta property=\"og:title\" content=\"Homepage - My Moodsy\" \/>\n<meta property=\"og:description\" content=\"W ofercie sklepu znajdziesz odzie\u017c medyczn\u0105 damsk\u0105 i m\u0119sk\u0105, a w tym: wysokiej jako\u015bci bluzy oraz spodnie. Ju\u017c dzi\u015b zapraszamy do kontaktu i z\u0142o\u017cenia zam\u00f3wienia.\" \/>\n<meta property=\"og:url\" content=\"https:\/\/www.mymoodsy.com\/en\/\" \/>\n<meta property=\"og:site_name\" content=\"My Moodsy\" \/>\n<meta property=\"article:modified_time\" content=\"2024-02-13T09:45:30+00:00\" \/>\n<meta name=\"twitter:card\" content=\"summary_large_image\" \/>\n<meta name=\"twitter:label1\" content=\"Est. reading time\" \/>\n\t<meta name=\"twitter:data1\" content=\"1 minute\" \/>\n<script type=\"application\/ld+json\" class=\"yoast-schema-graph\">{\"@context\":\"https:\/\/schema.org\",\"@graph\":[{\"@type\":\"WebPage\",\"@id\":\"https:\/\/www.mymoodsy.com\/en\/\",\"url\":\"https:\/\/www.mymoodsy.com\/en\/\",\"name\":\"Homepage - My Moodsy\",\"isPartOf\":{\"@id\":\"https:\/\/www.mymoodsy.com\/en\/#website\"},\"datePublished\":\"2023-02-14T09:01:15+00:00\",\"dateModified\":\"2024-02-13T09:45:30+00:00\",\"description\":\"W ofercie sklepu znajdziesz odzie\u017c medyczn\u0105 damsk\u0105 i m\u0119sk\u0105, a w tym: wysokiej jako\u015bci bluzy oraz spodnie. Ju\u017c dzi\u015b zapraszamy do kontaktu i z\u0142o\u017cenia zam\u00f3wienia.\",\"breadcrumb\":{\"@id\":\"https:\/\/www.mymoodsy.com\/en\/#breadcrumb\"},\"inLanguage\":\"en\",\"potentialAction\":[{\"@type\":\"ReadAction\",\"target\":[\"https:\/\/www.mymoodsy.com\/en\/\"]}]},{\"@type\":\"BreadcrumbList\",\"@id\":\"https:\/\/www.mymoodsy.com\/en\/#breadcrumb\",\"itemListElement\":[{\"@type\":\"ListItem\",\"position\":1,\"name\":\"Homepage\",\"item\":\"https:\/\/www.mymoodsy.com\/en\/\"},{\"@type\":\"ListItem\",\"position\":2,\"name\":\"Homepage\"}]},{\"@type\":\"WebSite\",\"@id\":\"https:\/\/www.mymoodsy.com\/en\/#website\",\"url\":\"https:\/\/www.mymoodsy.com\/en\/\",\"name\":\"My Moodsy\",\"description\":\"Discover unique medical clothing.\",\"potentialAction\":[{\"@type\":\"SearchAction\",\"target\":{\"@type\":\"EntryPoint\",\"urlTemplate\":\"https:\/\/www.mymoodsy.com\/en\/?s={search_term_string}\"},\"query-input\":{\"@type\":\"PropertyValueSpecification\",\"valueRequired\":true,\"valueName\":\"search_term_string\"}}],\"inLanguage\":\"en\"}]}<\/script>\n<!-- \/ Yoast SEO plugin. -->","yoast_head_json":{"title":"Homepage - My Moodsy","description":"W ofercie sklepu znajdziesz odzie\u017c medyczn\u0105 damsk\u0105 i m\u0119sk\u0105, a w tym: wysokiej jako\u015bci bluzy oraz spodnie. Ju\u017c dzi\u015b zapraszamy do kontaktu i z\u0142o\u017cenia zam\u00f3wienia.","robots":{"index":"index","follow":"follow","max-snippet":"max-snippet:-1","max-image-preview":"max-image-preview:large","max-video-preview":"max-video-preview:-1"},"canonical":"https:\/\/www.mymoodsy.com\/en\/","og_locale":"en_US","og_type":"article","og_title":"Homepage - My Moodsy","og_description":"W ofercie sklepu znajdziesz odzie\u017c medyczn\u0105 damsk\u0105 i m\u0119sk\u0105, a w tym: wysokiej jako\u015bci bluzy oraz spodnie. Ju\u017c dzi\u015b zapraszamy do kontaktu i z\u0142o\u017cenia zam\u00f3wienia.","og_url":"https:\/\/www.mymoodsy.com\/en\/","og_site_name":"My Moodsy","article_modified_time":"2024-02-13T09:45:30+00:00","twitter_card":"summary_large_image","twitter_misc":{"Est. reading time":"1 minute"},"schema":{"@context":"https:\/\/schema.org","@graph":[{"@type":"WebPage","@id":"https:\/\/www.mymoodsy.com\/en\/","url":"https:\/\/www.mymoodsy.com\/en\/","name":"Homepage - My Moodsy","isPartOf":{"@id":"https:\/\/www.mymoodsy.com\/en\/#website"},"datePublished":"2023-02-14T09:01:15+00:00","dateModified":"2024-02-13T09:45:30+00:00","description":"W ofercie sklepu znajdziesz odzie\u017c medyczn\u0105 damsk\u0105 i m\u0119sk\u0105, a w tym: wysokiej jako\u015bci bluzy oraz spodnie. Ju\u017c dzi\u015b zapraszamy do kontaktu i z\u0142o\u017cenia zam\u00f3wienia.","breadcrumb":{"@id":"https:\/\/www.mymoodsy.com\/en\/#breadcrumb"},"inLanguage":"en","potentialAction":[{"@type":"ReadAction","target":["https:\/\/www.mymoodsy.com\/en\/"]}]},{"@type":"BreadcrumbList","@id":"https:\/\/www.mymoodsy.com\/en\/#breadcrumb","itemListElement":[{"@type":"ListItem","position":1,"name":"Homepage","item":"https:\/\/www.mymoodsy.com\/en\/"},{"@type":"ListItem","position":2,"name":"Homepage"}]},{"@type":"WebSite","@id":"https:\/\/www.mymoodsy.com\/en\/#website","url":"https:\/\/www.mymoodsy.com\/en\/","name":"My Moodsy","description":"Discover unique medical clothing.","potentialAction":[{"@type":"SearchAction","target":{"@type":"EntryPoint","urlTemplate":"https:\/\/www.mymoodsy.com\/en\/?s={search_term_string}"},"query-input":{"@type":"PropertyValueSpecification","valueRequired":true,"valueName":"search_term_string"}}],"inLanguage":"en"}]}},"_links":{"self":[{"href":"https:\/\/www.mymoodsy.com\/en\/wp-json\/wp\/v2\/pages\/635"}],"collection":[{"href":"https:\/\/www.mymoodsy.com\/en\/wp-json\/wp\/v2\/pages"}],"about":[{"href":"https:\/\/www.mymoodsy.com\/en\/wp-json\/wp\/v2\/types\/page"}],"author":[{"embeddable":true,"href":"https:\/\/www.mymoodsy.com\/en\/wp-json\/wp\/v2\/users\/3"}],"replies":[{"embeddable":true,"href":"https:\/\/www.mymoodsy.com\/en\/wp-json\/wp\/v2\/comments?post=635"}],"version-history":[{"count":19,"href":"https:\/\/www.mymoodsy.com\/en\/wp-json\/wp\/v2\/pages\/635\/revisions"}],"predecessor-version":[{"id":4733,"href":"https:\/\/www.mymoodsy.com\/en\/wp-json\/wp\/v2\/pages\/635\/revisions\/4733"}],"wp:attachment":[{"href":"https:\/\/www.mymoodsy.com\/en\/wp-json\/wp\/v2\/media?parent=635"}],"curies":[{"name":"wp","href":"https:\/\/api.w.org\/{rel}","templated":true}]}}